{"id":3547,"date":"2022-01-26T12:54:51","date_gmt":"2022-01-26T10:54:51","guid":{"rendered":"http:\/\/www.mamaiamoments.ro\/accommodation-i-2-columns\/"},"modified":"2022-02-01T14:02:42","modified_gmt":"2022-02-01T12:02:42","slug":"your_booking","status":"publish","type":"page","link":"https:\/\/old.mamaiamoments.ro\/ro\/your_booking\/","title":{"rendered":"Your Booking"},"content":{"rendered":"<p>[vc_row][vc_column]\t\t\n\t\t\t\t\n\t\t\t<!-- BEGIN .shb-accommodation-listing-filter-sorting -->\n\t\t\t<div class=\"shb-accommodation-listing-filter-sorting shb-clearfix\">\n\t\t\t\n\t\t\t\t\t\t\t\n\t\t\t\t<div class=\"shb-accommodation-listing-filter shb-clearfix\">\n\t\t\t\t\t<p>Filter by:<\/p>\n\t\t\t\t\t<ul>\n\t\t\t\t\t\t<li class=\"shb-filter-current\"><a href=\"https:\/\/old.mamaiamoments.ro\/ro\/wp-json\/wp\/v2\/pages\/3547?shb-orderby=2\">All<\/a><\/li><li class=\"\"><a href=\"https:\/\/old.mamaiamoments.ro\/ro\/wp-json\/wp\/v2\/pages\/3547?shb-orderby=2&shb-accommodation-type=room-with-balcony\">Camer\u0103 cu Balcon<\/a><\/li><li class=\"\"><a href=\"https:\/\/old.mamaiamoments.ro\/ro\/wp-json\/wp\/v2\/pages\/3547?shb-orderby=2&shb-accommodation-type=room-without-balcony\">Camer\u0103 f\u0103r\u0103 Balcon<\/a><\/li>\t\t\t\t\t<\/ul>\n\t\t\t\t<\/div>\n\t\t\t\n\t\t\t\t\t\t\t\n\t\t\t\t\t\t\t\n\t\t\t\t<div class=\"shb-accommodation-listing-sorting shb-clearfix\">\n\t\t\t\t\t<select>\n\t\t\t\t\t\t<option value=\"https:\/\/old.mamaiamoments.ro\/ro\/wp-json\/wp\/v2\/pages\/3547?shb-accommodation-type=0\" selected>Default Sorting<\/option><option value=\"https:\/\/old.mamaiamoments.ro\/ro\/wp-json\/wp\/v2\/pages\/3547?shb-accommodation-type=0&shb-orderby=1\" >Price Low to High<\/option><option value=\"https:\/\/old.mamaiamoments.ro\/ro\/wp-json\/wp\/v2\/pages\/3547?shb-accommodation-type=0&shb-orderby=2\" >Price High to Low<\/option>\t\t\t\t\t<\/select>\n\t\t\t\t\t<i class=\"fas fa-chevron-down\"><\/i>\n\t\t\t\t<\/div>\n\t\t\t\n\t\t\t\t\t\n\t\t\t<!-- END .shb-accommodation-listing-filter-sorting -->\n\t\t\t<\/div>\n\t\t\n\t\t\t\t\n\t\t<!-- BEGIN .shb-accommodation-listing-style-1 -->\n\t\t<div class=\"shb-accommodation-listing-style-1 shb-accommodation-listing-style-1-columns-2\">\n\t\t\t\n\t\t\t\t\n\t\t\t<!-- BEGIN .shb-accommodation-listing-item -->\n\t\t\t<div class=\"shb-accommodation-listing-item\">\n\t\t\t\n\t\t\t\t\t\t\t\t\t<a href=\"https:\/\/old.mamaiamoments.ro\/ro\/accommodation\/superior_double_room_without_balcony\/\" rel=\"bookmark\" title=\"F\u0103r\u0103 Balcon\">\n\t\t\t\t\t\t\t\t\t\t\t\t<img class=\"shb-accommodation-listing-image\" src=\"https:\/\/old.mamaiamoments.ro\/wp-content\/uploads\/2022\/01\/EC0E293A-40B2-4DFD-97E5-51E133148A8D-1180x710.jpeg\" alt=\"Without Balcony\" \/>\t\t\t\t\t<\/a>\n\t\t\t\t\t\t\t\n\t\t\t\t<div class=\"shb-accommodation-listing-description-wrapper\">\n\t\t\t\t\n\t\t\t\t\t<h3><a href=\"https:\/\/old.mamaiamoments.ro\/ro\/accommodation\/superior_double_room_without_balcony\/\" rel=\"bookmark\" title=\"F\u0103r\u0103 Balcon\">Superior Double Room Without Balcony<\/a><\/h3>\n\t\t\t\t\n\t\t\t\t\t<div class=\"shb-accommodation-listing-description shb-clearfix\">\n\t\t\t\t\t\t<ul>\r\n<li><i class=\"fas fa-user\"><\/i><span>Capacitate:<\/span> 2 Adul\u021bi, 1 Copil<\/li>\r\n<li><i class=\"fas fa-ruler-combined\"><\/i><span>Suprafat\u0103:<\/span> 30 mp<\/li>\t\t\t\t\t\t<a href=\"https:\/\/old.mamaiamoments.ro\/ro\/accommodation\/superior_double_room_without_balcony\/\" class=\"shb-accommodation-listing-button1\">Rezerv\u0103 Acum<\/a>\n\t\t\t\t\t\t<a href=\"https:\/\/old.mamaiamoments.ro\/ro\/accommodation\/superior_double_room_without_balcony\/\" class=\"shb-accommodation-listing-button2\">Vezi Camer\u0103<i class=\"fas fa-chevron-right\"><\/i><\/a>\n\t\t\t\t\t<\/div>\n\t\t\t\t\n\t\t\t\t<\/div>\n\t\t\t\n\t\t\t<!-- END .shb-accommodation-listing-item -->\n\t\t\t<\/div>\n\t\t\n\t\t\t\t\n\t\t\t<!-- BEGIN .shb-accommodation-listing-item -->\n\t\t\t<div class=\"shb-accommodation-listing-item\">\n\t\t\t\n\t\t\t\t\t\t\t\t\t<a href=\"https:\/\/old.mamaiamoments.ro\/ro\/accommodation\/superior_double_room_with_balcony\/\" rel=\"bookmark\" title=\"Cu Balcon\">\n\t\t\t\t\t\t\t\t\t\t\t\t<img class=\"shb-accommodation-listing-image\" src=\"https:\/\/old.mamaiamoments.ro\/wp-content\/uploads\/2022\/01\/52D609E9-DD5E-442B-963A-02FEDEB26D3B-1180x710.jpeg\" alt=\"With Balcony\" \/>\t\t\t\t\t<\/a>\n\t\t\t\t\t\t\t\n\t\t\t\t<div class=\"shb-accommodation-listing-description-wrapper\">\n\t\t\t\t\n\t\t\t\t\t<h3><a href=\"https:\/\/old.mamaiamoments.ro\/ro\/accommodation\/superior_double_room_with_balcony\/\" rel=\"bookmark\" title=\"Cu Balcon\">Superior Double Room With Balcony<\/a><\/h3>\n\t\t\t\t\n\t\t\t\t\t<div class=\"shb-accommodation-listing-description shb-clearfix\">\n\t\t\t\t\t\t<ul>\r\n<li><i class=\"fas fa-user\"><\/i><span>Capacitate:<\/span> 2 Adul\u021bi, 1 Copil<\/li>\r\n<li><i class=\"fas fa-ruler-combined\"><\/i><span>Suprafat\u0103:<\/span> \u00centre 22 \u0219i 35 mp<\/li>\r\n<\/ul>\t\t\t\t\t\t<a href=\"https:\/\/old.mamaiamoments.ro\/ro\/accommodation\/superior_double_room_with_balcony\/\" class=\"shb-accommodation-listing-button1\">Rezerv\u0103 Acum<\/a>\n\t\t\t\t\t\t<a href=\"https:\/\/old.mamaiamoments.ro\/ro\/accommodation\/superior_double_room_with_balcony\/\" class=\"shb-accommodation-listing-button2\">Vezi Camer\u0103<i class=\"fas fa-chevron-right\"><\/i><\/a>\n\t\t\t\t\t<\/div>\n\t\t\t\t\n\t\t\t\t<\/div>\n\t\t\t\n\t\t\t<!-- END .shb-accommodation-listing-item -->\n\t\t\t<\/div>\n\t\t\n\t\t\t\t\t\n\t\t<!-- END .shb-accommodation-listing-style-1 -->\n\t\t<\/div>\n\t\n\t\t\n\t\t\t\n\t\t<div class=\"shb-clearboth\"><\/div>\n\t\t<div class=\"shb-accommodation-listing-1-pagination\">\n\t\t\n\t\n\t\t<\/div>\n\t\t\n\t\t\n\t[\/vc_column][\/vc_row]<\/p>","protected":false},"excerpt":{"rendered":"<p>[vc_row][vc_column][\/vc_column][\/vc_row]<\/p>\n<a href=\"https:\/\/old.mamaiamoments.ro\/ro\/accommodation\/superior_double_room_with_balcony\/\" class=\"sohohotel-more-link\">Read More<\/a>","protected":false},"author":1,"featured_media":0,"parent":0,"menu_order":0,"comment_status":"closed","ping_status":"closed","template":"","meta":{"spay_email":""},"_links":{"self":[{"href":"https:\/\/old.mamaiamoments.ro\/ro\/wp-json\/wp\/v2\/pages\/3547"}],"collection":[{"href":"https:\/\/old.mamaiamoments.ro\/ro\/wp-json\/wp\/v2\/pages"}],"about":[{"href":"https:\/\/old.mamaiamoments.ro\/ro\/wp-json\/wp\/v2\/types\/page"}],"author":[{"embeddable":true,"href":"https:\/\/old.mamaiamoments.ro\/ro\/wp-json\/wp\/v2\/users\/1"}],"replies":[{"embeddable":true,"href":"https:\/\/old.mamaiamoments.ro\/ro\/wp-json\/wp\/v2\/comments?post=3547"}],"version-history":[{"count":5,"href":"https:\/\/old.mamaiamoments.ro\/ro\/wp-json\/wp\/v2\/pages\/3547\/revisions"}],"predecessor-version":[{"id":4188,"href":"https:\/\/old.mamaiamoments.ro\/ro\/wp-json\/wp\/v2\/pages\/3547\/revisions\/4188"}],"wp:attachment":[{"href":"https:\/\/old.mamaiamoments.ro\/ro\/wp-json\/wp\/v2\/media?parent=3547"}],"curies":[{"name":"wp","href":"https:\/\/api.w.org\/{rel}","templated":true}]}}